{"id":41,"date":"2021-05-14T08:49:41","date_gmt":"2021-05-14T08:49:41","guid":{"rendered":"http:\/\/www.ceciliarenner.com\/?page_id=41"},"modified":"2021-05-25T11:13:05","modified_gmt":"2021-05-25T11:13:05","slug":"servicios","status":"publish","type":"page","link":"http:\/\/www.ceciliarenner.com\/index.php\/servicios","title":{"rendered":"Servicios"},"content":{"rendered":"\n<p><strong>Terapia individual<\/strong><\/p>\n\n\n\n<figure class=\"wp-block-pullquote\"><blockquote><p>Las sesiones individuales son sesiones personalizadas con una duraci\u00f3n estimada de 90 minutos. Puedes pagarlas de manera individual y obtener descuento a trav\u00e9s de la compra de paquetes.<\/p><\/blockquote><\/figure>\n\n\n\n<hr class=\"wp-block-separator\"\/>\n\n\n\n<div class=\"wp-block-buttons is-content-justification-center is-layout-flex wp-block-buttons-is-layout-flex\">\n<div class=\"wp-block-button is-style-outline is-style-outline--1\"><a class=\"wp-block-button__link\">Terapia individual<\/a><\/div>\n<\/div>\n\n\n\n<hr class=\"wp-block-separator\"\/>\n\n\n\n<hr class=\"wp-block-separator\"\/>\n\n\n\n<p><strong>Manejo de enfermedades terminales<\/strong><\/p>\n\n\n\n<figure class=\"wp-block-pullquote\"><blockquote><p>Mediante estas sesiones se ayuda al paciente terminal a llevar su enfermedad  con aceptaci\u00f3n y  serenidad y se brinda apoyo tambi\u00e9n a los familiares o personas que lo cuidan.  Puedes adquirirlas individualmente o por paquetes.<\/p><\/blockquote><\/figure>\n\n\n\n<div class=\"wp-block-buttons is-content-justification-center is-layout-flex wp-block-buttons-is-layout-flex\">\n<div class=\"wp-block-button is-style-outline is-style-outline--2\"><a class=\"wp-block-button__link\" href=\"http:\/\/www.ceciliarenner.com\/index.php\/enfermedades-terminales\">Enfermedades Terminales<\/a><\/div>\n<\/div>\n\n\n\n<p><strong>Charlas  y Talleres<\/strong><\/p>\n\n\n\n<figure class=\"wp-block-pullquote\"><blockquote><p>Las charlas y talleres abordan tem\u00e1ticas variadas enfocadas siempre hacia el autocuidado y autoconocimiento. Pueden ser  v\u00eda online o presencial. Si lo deseas puedes dejar tu correo electr\u00f3nico en el formulario de contacto y te notificaremos los eventos que est\u00e9n en agenda, as\u00ed podr\u00e1s conocer los  precios y hacer tu reserva. <\/p><\/blockquote><\/figure>\n\n\n\n<div class=\"wp-block-buttons is-content-justification-center is-layout-flex wp-block-buttons-is-layout-flex\">\n<div class=\"wp-block-button is-style-outline is-style-outline--3\"><a class=\"wp-block-button__link\" href=\"http:\/\/www.ceciliarenner.com\/index.php\/contacto-mi-cuenta\">Contacta conmigo<\/a><\/div>\n<\/div>\n\n\n\n<p class=\"has-text-align-center\"><strong>\u00bfTienes preguntas? <\/strong><\/p>\n\n\n\n<div class=\"wp-block-buttons is-content-justification-center is-layout-flex wp-block-buttons-is-layout-flex\">\n<div class=\"wp-block-button is-style-outline is-style-outline--4\"><a class=\"wp-block-button__link\" href=\"http:\/\/www.ceciliarenner.com\/index.php\/preguntas-frecuentes\">Preguntas Frecuentes<\/a><\/div>\n<\/div>\n","protected":false},"excerpt":{"rendered":"<p>Terapia individual Manejo de enfermedades terminales Mediante estas sesiones se ayuda al paciente terminal a llevar su enfermedad con aceptaci\u00f3n y serenidad y se brinda apoyo tambi\u00e9n a los familiares &hellip; <\/p>\n","protected":false},"author":1,"featured_media":514,"parent":0,"menu_order":0,"comment_status":"closed","ping_status":"open","template":"","meta":{"footnotes":""},"class_list":["post-41","page","type-page","status-publish","has-post-thumbnail","hentry","has-meta has-sticky-meta"],"_links":{"self":[{"href":"http:\/\/www.ceciliarenner.com\/index.php\/wp-json\/wp\/v2\/pages\/41","targetHints":{"allow":["GET"]}}],"collection":[{"href":"http:\/\/www.ceciliarenner.com\/index.php\/wp-json\/wp\/v2\/pages"}],"about":[{"href":"http:\/\/www.ceciliarenner.com\/index.php\/wp-json\/wp\/v2\/types\/page"}],"author":[{"embeddable":true,"href":"http:\/\/www.ceciliarenner.com\/index.php\/wp-json\/wp\/v2\/users\/1"}],"replies":[{"embeddable":true,"href":"http:\/\/www.ceciliarenner.com\/index.php\/wp-json\/wp\/v2\/comments?post=41"}],"version-history":[{"count":50,"href":"http:\/\/www.ceciliarenner.com\/index.php\/wp-json\/wp\/v2\/pages\/41\/revisions"}],"predecessor-version":[{"id":635,"href":"http:\/\/www.ceciliarenner.com\/index.php\/wp-json\/wp\/v2\/pages\/41\/revisions\/635"}],"wp:featuredmedia":[{"embeddable":true,"href":"http:\/\/www.ceciliarenner.com\/index.php\/wp-json\/wp\/v2\/media\/514"}],"wp:attachment":[{"href":"http:\/\/www.ceciliarenner.com\/index.php\/wp-json\/wp\/v2\/media?parent=41"}],"curies":[{"name":"wp","href":"https:\/\/api.w.org\/{rel}","templated":true}]}}