{"id":412,"date":"2021-05-18T14:15:57","date_gmt":"2021-05-18T14:15:57","guid":{"rendered":"http:\/\/www.ceciliarenner.com\/?page_id=412"},"modified":"2021-05-19T16:42:11","modified_gmt":"2021-05-19T16:42:11","slug":"individual","status":"publish","type":"page","link":"http:\/\/www.ceciliarenner.com\/index.php\/individual","title":{"rendered":"Individual"},"content":{"rendered":"\n<p>La psicoterapia es una de las herramientas m\u00e1s valiosas con la que podr\u00e1s contar en ciertas etapas de tu vida. La necesidad de revisarte, cuestionarte y sentir el deseo genuino de cambiar y, o desarrollarte personalmente son solamente unas de las pocas motivaciones para llegar a una consulta. Adem\u00e1s por supuesto est\u00e1n otro tipo de s\u00edntomas como pueden ser la depresi\u00f3n, ansiedad, obsesiones, desorientaci\u00f3n profesional o cualquier otra inquietud que te genere la necesidad de sentirte apoyado y guiado por un profesional. Una de las bases fundamentales de la psicoterapia es la relaci\u00f3n de confianza que debe existir entre el terapeuta y el paciente. Al evaluar y conocer la problem\u00e1tica que motiva a la persona acudir a la consulta, el terapeuta con su diagn\u00f3stico establecer\u00e1 el m\u00e9todo m\u00e1s apropiado para acompa\u00f1ar y guiar respetuosamente a la persona hacia el bienestar deseado. \u00bfTienes preguntas? <strong><a href=\"http:\/\/www.ceciliarenner.com\/index.php\/contacto-mi-cuenta\"><span style=\"color:#0276a8\" class=\"has-inline-color\">\u00a1No dudes en contactarme<\/span><\/a><\/strong>! y si te sientes ya<a href=\"http:\/\/www.ceciliarenner.com\/index.php\/reservar-comprar\"> <strong>reserva tu cita<\/strong>!<\/a><\/p>\n","protected":false},"excerpt":{"rendered":"<p>La psicoterapia es una de las herramientas m\u00e1s valiosas con la que podr\u00e1s contar en ciertas etapas de tu vida. La necesidad de revisarte, cuestionarte y sentir el deseo genuino &hellip; <\/p>\n","protected":false},"author":1,"featured_media":518,"parent":0,"menu_order":0,"comment_status":"closed","ping_status":"closed","template":"","meta":{"footnotes":""},"class_list":["post-412","page","type-page","status-publish","has-post-thumbnail","hentry","has-meta has-sticky-meta"],"_links":{"self":[{"href":"http:\/\/www.ceciliarenner.com\/index.php\/wp-json\/wp\/v2\/pages\/412","targetHints":{"allow":["GET"]}}],"collection":[{"href":"http:\/\/www.ceciliarenner.com\/index.php\/wp-json\/wp\/v2\/pages"}],"about":[{"href":"http:\/\/www.ceciliarenner.com\/index.php\/wp-json\/wp\/v2\/types\/page"}],"author":[{"embeddable":true,"href":"http:\/\/www.ceciliarenner.com\/index.php\/wp-json\/wp\/v2\/users\/1"}],"replies":[{"embeddable":true,"href":"http:\/\/www.ceciliarenner.com\/index.php\/wp-json\/wp\/v2\/comments?post=412"}],"version-history":[{"count":6,"href":"http:\/\/www.ceciliarenner.com\/index.php\/wp-json\/wp\/v2\/pages\/412\/revisions"}],"predecessor-version":[{"id":639,"href":"http:\/\/www.ceciliarenner.com\/index.php\/wp-json\/wp\/v2\/pages\/412\/revisions\/639"}],"wp:featuredmedia":[{"embeddable":true,"href":"http:\/\/www.ceciliarenner.com\/index.php\/wp-json\/wp\/v2\/media\/518"}],"wp:attachment":[{"href":"http:\/\/www.ceciliarenner.com\/index.php\/wp-json\/wp\/v2\/media?parent=412"}],"curies":[{"name":"wp","href":"https:\/\/api.w.org\/{rel}","templated":true}]}}