{"id":453,"date":"2021-05-18T14:53:09","date_gmt":"2021-05-18T14:53:09","guid":{"rendered":"http:\/\/www.ceciliarenner.com\/?page_id=453"},"modified":"2021-05-27T09:00:57","modified_gmt":"2021-05-27T09:00:57","slug":"psicoterapia","status":"publish","type":"page","link":"http:\/\/www.ceciliarenner.com\/index.php\/psicoterapia","title":{"rendered":"\u00bfPsicoterapia?"},"content":{"rendered":"\r\n<p style=\"text-align: left;\">\u00bfSabes lo que es la psicoterapia? \u00bfConoces sus beneficios?<br \/>Muchas veces transitamos por la vida sin cuestionarnos el por qu\u00e9 nos sentimos tan afectados por los acontecimientos que nos ocurren. Se nos repiten situaciones y circunstancias que logran desequilibrarnos o robarnos la tranquilidad hasta que hacemos una crisis que puede variar tanto en la forma como en la intensidad que la sufrimos. La llamada \u201cnoche oscura del alma\u2026\u201d que no es m\u00e1s que una invitaci\u00f3n a buscar apoyo, para conocernos mejor, aceptarnos como somos y solventar los s\u00edntomas que nos est\u00e1n anunciando que algo no anda bien.<br \/>La psicolog\u00eda, que es la ciencia que estudia la conducta humana cuenta con much\u00edsimas escuelas, de diferentes enfoques, m\u00e9todos y tratamientos que a lo largo de la historia han ayudado a las personas en sus procesos de sanaci\u00f3n.<br \/>As\u00ed como cada individuo es \u00fanico y diferente, asimismo existen m\u00faltiples posibilidades y m\u00e9todos en el tratamiento hacia un paciente. Es por eso que las sesiones de terapia son personalizadas. La din\u00e1mica que se establece entre el terapeuta y el paciente har\u00e1 que el compromiso y respeto mutuo lleven a buen puerto un proceso terap\u00e9utico.<br \/>\u00a1Te invito a conocer m\u00e1s!<\/p>\r\n\r\n\r\n\r\n<div class=\"wp-block-group\">\r\n<div class=\"wp-block-group__inner-container is-layout-flow wp-block-group-is-layout-flow\">\r\n<div class=\"wp-block-buttons alignfull is-content-justification-center is-layout-flex wp-block-buttons-is-layout-flex\">\r\n<div class=\"wp-block-button is-style-outline is-style-outline--1\"><a class=\"wp-block-button__link\" href=\"http:\/\/www.ceciliarenner.com\/index.php\/servicios\">Las sesiones<\/a><\/div>\r\n\r\n\r\n\r\n<div class=\"wp-block-button is-style-outline is-style-outline--2\"><a class=\"wp-block-button__link\" href=\"http:\/\/www.ceciliarenner.com\/index.php\/preguntas-frecuentes\">Preguntas frecuentes<\/a><\/div>\r\n<\/div>\r\n<\/div>\r\n<\/div>\r\n\r\n\r\n\r\n<p class=\"has-text-align-left\">\u00a0<\/p>\r\n","protected":false},"excerpt":{"rendered":"<p>\u00bfSabes lo que es la psicoterapia? \u00bfConoces sus beneficios?Muchas veces transitamos por la vida sin cuestionarnos el por qu\u00e9 nos sentimos tan afectados por los acontecimientos que nos ocurren. Se &hellip; <\/p>\n","protected":false},"author":1,"featured_media":522,"parent":0,"menu_order":0,"comment_status":"closed","ping_status":"closed","template":"","meta":{"footnotes":""},"class_list":["post-453","page","type-page","status-publish","has-post-thumbnail","hentry","has-meta has-sticky-meta"],"_links":{"self":[{"href":"http:\/\/www.ceciliarenner.com\/index.php\/wp-json\/wp\/v2\/pages\/453","targetHints":{"allow":["GET"]}}],"collection":[{"href":"http:\/\/www.ceciliarenner.com\/index.php\/wp-json\/wp\/v2\/pages"}],"about":[{"href":"http:\/\/www.ceciliarenner.com\/index.php\/wp-json\/wp\/v2\/types\/page"}],"author":[{"embeddable":true,"href":"http:\/\/www.ceciliarenner.com\/index.php\/wp-json\/wp\/v2\/users\/1"}],"replies":[{"embeddable":true,"href":"http:\/\/www.ceciliarenner.com\/index.php\/wp-json\/wp\/v2\/comments?post=453"}],"version-history":[{"count":13,"href":"http:\/\/www.ceciliarenner.com\/index.php\/wp-json\/wp\/v2\/pages\/453\/revisions"}],"predecessor-version":[{"id":644,"href":"http:\/\/www.ceciliarenner.com\/index.php\/wp-json\/wp\/v2\/pages\/453\/revisions\/644"}],"wp:featuredmedia":[{"embeddable":true,"href":"http:\/\/www.ceciliarenner.com\/index.php\/wp-json\/wp\/v2\/media\/522"}],"wp:attachment":[{"href":"http:\/\/www.ceciliarenner.com\/index.php\/wp-json\/wp\/v2\/media?parent=453"}],"curies":[{"name":"wp","href":"https:\/\/api.w.org\/{rel}","templated":true}]}}